{"id":2230,"date":"2022-01-18T09:18:16","date_gmt":"2022-01-18T09:18:16","guid":{"rendered":"https:\/\/contentfilms.productions\/about-us\/"},"modified":"2022-05-15T16:11:21","modified_gmt":"2022-05-15T16:11:21","slug":"sobre-nosotros","status":"publish","type":"page","link":"https:\/\/contentfilms.productions\/es\/sobre-nosotros\/","title":{"rendered":"Sobre nosotros"},"content":{"rendered":"<div id='about-us-title'  class='av-layout-grid-container av-myi-afe9ab5f7cc9926140208b4566f485c8 entry-content-wrapper main_color av-flex-cells  avia-builder-el-0  el_before_av_section  avia-builder-el-first   container_wrap sidebar_right'  >\n\n<style type=\"text\/css\" data-created_by=\"avia_inline_auto\" id=\"style-css-av-l2a5w46u-9491b7e2f30f1bd56d33d23ecb2d8115\">\n.flex_cell.av-l2a5w46u-9491b7e2f30f1bd56d33d23ecb2d8115{\nvertical-align:middle;\n}\n.responsive #top #wrap_all .flex_cell.av-l2a5w46u-9491b7e2f30f1bd56d33d23ecb2d8115{\npadding:0 50px 0 50px !important;\n}\n<\/style>\n<div class='flex_cell av-l2a5w46u-9491b7e2f30f1bd56d33d23ecb2d8115 av-gridrow-cell av_one_full no_margin  avia-builder-el-1  avia-builder-el-no-sibling  content-align-middle'  ><div class='flex_cell_inner'><section  class='av_textblock_section av-l2a5vfdn-40f840523f2a3ea1793ca9f397958dd3 '   itemscope=\"itemscope\" itemtype=\"https:\/\/schema.org\/CreativeWork\" ><div class='avia_textblock'  itemprop=\"text\" ><h1>sobre nosotros<\/h1>\n<\/div><\/section>\n<\/div><\/div><\/div><div id='about-us'  class='avia-section av-x15u-5eea458ad612552aa5550421e1fabb38 main_color avia-section-default avia-no-border-styling  avia-builder-el-3  el_after_av_layout_row  el_before_av_section  avia-bg-style-scroll container_wrap sidebar_right'  ><div class='container av-section-cont-open' ><div class='template-page content  av-content-small alpha units'><div class='post-entry post-entry-type-page post-entry-2230'><div class='entry-content-wrapper clearfix'>\n<section  class='av_textblock_section av-l2a5uufn-d45aa47a9b4e4a5fd81804c961b082fb '   itemscope=\"itemscope\" itemtype=\"https:\/\/schema.org\/CreativeWork\" ><div class='avia_textblock'  itemprop=\"text\" ><h2 class=\"righty\" style=\"text-align: right;\">Producimos historias<br \/>\nque dejan marca<\/h2>\n<p>Despertar el inter\u00e9s, establecer conexiones fuertes con tu p\u00fablico, marcar tendencias en vez de seguirlas&#8230; El contenido audiovisual de marca es la forma m\u00e1s efectiva de comunicar historias cre\u00edbles con las que los consumidores se sientan realmente identificados. Y somos expertos en hacerlo de una forma inolvidable.<\/p>\n<h2 style=\"text-align: left;\">Nuestra forma de dejar marca<br \/>\nen tu audiencia<\/h2>\n<p class=\"righty\" style=\"text-align: right;\">Con creatividad, vocaci\u00f3n\/esp\u00edritu artesanal, alta calidad y a tu medida*, esta es nuestra manera de crear el contenido que le interesa a tu p\u00fablico. Te ayudamos a transmitir experiencias que impulsan el conocimiento y la lealtad de marca y convierten a tus consumidores en brand lovers**, con un servicio de producci\u00f3n totalmente integral, desde la idea hasta la distribuci\u00f3n del contenido en las distintas plataformas.<\/p>\n<h2 class=\"righty\" style=\"text-align: right;\">Buscamos el mejor talento<br \/>\npara cada proyecto<\/h2>\n<p>Contamos historias de marca relevantes de la forma m\u00e1s atractiva, con el equilibrio perfecto entre talento creativo y t\u00e9cnico. Seleccionamos a los profesionales con la experiencia, el estilo y personalidad m\u00e1s adecuados para tu proyecto. Hacemos algo \u00fanico con un alto est\u00e1ndar de calidad en cada fase del proceso. Todo para hacer tu marca m\u00e1s cercana y cre\u00edble.<\/p>\n<h2>Un mundo de posibilidades<br \/>\npara tu contenido<\/h2>\n<p class=\"righty\" style=\"text-align: right;\">Hacemos contenido de marca innovador, aprovechando el mejor talento, con conceptos sorprendentes, tecnolog\u00eda de vanguardia y acorde a las \u00faltimas tendencias*. Producimos documentales, spots, v\u00eddeos corporativos, de producto y contenido para redes sociales**. Una gran variedad de formatos adaptados a las exigencias de cada plataforma y los h\u00e1bitos de consumo de cada audiencia. Todo es posible cuando dispones de todos los medios y opciones. Por eso esto no va de qu\u00e9 te ofrecemos sino de qu\u00e9 necesitas. Empecemos a crear tu historia que deja marca.<\/p>\n<\/div><\/section>\n<\/div><\/div><\/div><!-- close content main div --><\/div><\/div>\n<style type=\"text\/css\" data-created_by=\"avia_inline_auto\" id=\"style-css-av-uswy-22a9646d8aa18d24ae27861bc85d4787\">\n.avia-section.av-uswy-22a9646d8aa18d24ae27861bc85d4787{\nmargin-top:140px;\nmargin-bottom:140px;\n}\n<\/style>\n<div id='awards'  class='avia-section av-uswy-22a9646d8aa18d24ae27861bc85d4787 main_color avia-section-no-padding avia-no-border-styling  avia-builder-el-5  el_after_av_section  avia-builder-el-last  about-us-awards avia-bg-style-scroll container_wrap sidebar_right'  ><div class='container av-section-cont-open' ><div class='template-page content  av-content-small alpha units'><div class='post-entry post-entry-type-page post-entry-2230'><div class='entry-content-wrapper clearfix'>\n<div class='flex_column_table av-7vtk2-f2c18a87a79fe702858ea900af8448e6 sc-av_two_third av-equal-height-column-flextable'><div  class='flex_column av-7vtk2-f2c18a87a79fe702858ea900af8448e6 av_two_third  avia-builder-el-6  el_before_av_one_third  avia-builder-el-first  awards-container first flex_column_table_cell av-equal-height-column av-align-top  '     ><section  class='av_textblock_section av-7efsa-0ace2d05bb13492d0bd0f17cb77a3b28 '   itemscope=\"itemscope\" itemtype=\"https:\/\/schema.org\/CreativeWork\" ><div class='avia_textblock'  itemprop=\"text\" ><h2 class=\"titular-grande\">Awards 2021<\/h2>\n<h5>Our success in international communications awards proves how strong our productions are.<\/h5>\n<\/div><\/section><\/div><div class='av-flex-placeholder'><\/div><div  class='flex_column av-6q05m-66586b071b1c373dfc2e8b91f994fd0a av_one_third  avia-builder-el-8  el_after_av_two_third  el_before_av_one_fifth  awards-container flex_column_table_cell av-equal-height-column av-align-top  '     ><\/div><\/div><!--close column table wrapper. Autoclose: 1 --><div  class='flex_column av-6fp0i-07822f4f7324efe194d5501102c7f7e1 av_one_fifth  avia-builder-el-9  el_after_av_one_third  el_before_av_one_fifth  awards-container first flex_column_div  column-top-margin'     ><section  class='av_textblock_section av-5huca-35179d1c648ec1adc32ac0e4144e7a7d '   itemscope=\"itemscope\" itemtype=\"https:\/\/schema.org\/CreativeWork\" ><div class='avia_textblock'  itemprop=\"text\" ><p><img loading=\"lazy\" decoding=\"async\" class=\"alignnone size-full wp-image-1499 aligncenter\" src=\"https:\/\/contentfilms.productions\/wp-content\/uploads\/2022\/03\/MFY-Logos-Awards-MuseDesignAward-platinumwinner21.png\" alt=\"\" width=\"150\" height=\"157\" \/><\/p>\n<h5 class=\"award\">PLATINIUM WINNER<\/h5>\n<h6 class=\"award\">Video \u2013 Documentary<br \/>\nIntegrated marketing campaign<br \/>\nWine, Beer &amp; Liquor<\/h6>\n<\/div><\/section><\/div><div  class='flex_column av-55h7a-6950c3c256f6b2719a6593c0b692216c av_one_fifth  avia-builder-el-11  el_after_av_one_fifth  el_before_av_one_fifth  awards-container flex_column_div  column-top-margin'     ><section  class='av_textblock_section av-4dd8q-5ab8de197e1e85896facaa72d37bb8ce '   itemscope=\"itemscope\" itemtype=\"https:\/\/schema.org\/CreativeWork\" ><div class='avia_textblock'  itemprop=\"text\" ><p><img loading=\"lazy\" decoding=\"async\" class=\"wp-image-1498 size-full aligncenter\" src=\"https:\/\/contentfilms.productions\/wp-content\/uploads\/2022\/03\/MFY-Logos-Awards-DaveyAward-Gold.png\" alt=\"\" width=\"150\" height=\"157\" \/><\/p>\n<h5 class=\"award\">DAVEY<\/h5>\n<h6 class=\"award\">Branded Content<br \/>\nFood &amp; Beverage<br \/>\nMarketing &amp; Promotional<\/h6>\n<\/div><\/section><\/div><div  class='flex_column av-e6x6-eee93175d87325e107b53820d532a9be av_one_fifth  avia-builder-el-13  el_after_av_one_fifth  el_before_av_one_fifth  awards-container flex_column_div  column-top-margin'     ><section  class='av_textblock_section av-3e5yi-bce5f8217c8adfb7d2a5dbef50b30f44 '   itemscope=\"itemscope\" itemtype=\"https:\/\/schema.org\/CreativeWork\" ><div class='avia_textblock'  itemprop=\"text\" ><p><img loading=\"lazy\" decoding=\"async\" class=\"wp-image-1496 size-full aligncenter\" src=\"https:\/\/contentfilms.productions\/wp-content\/uploads\/2022\/03\/MFY-Logos-Awards-DaveyAward-Silver.png\" alt=\"\" width=\"150\" height=\"157\" \/><\/p>\n<h5 class=\"award\">DAVEY<\/h5>\n<h6 class=\"award\">General &#8211; Documentary<\/h6>\n<\/div><\/section><\/div><div  class='flex_column av-2teqi-04754c3ed24ee83dd2093aebe446c5d3 av_one_fifth  avia-builder-el-15  el_after_av_one_fifth  el_before_av_one_fifth  awards-container flex_column_div  column-top-margin'     ><section  class='av_textblock_section av-1w9iy-dba967492731906166b9488e66c95c50 '   itemscope=\"itemscope\" itemtype=\"https:\/\/schema.org\/CreativeWork\" ><div class='avia_textblock'  itemprop=\"text\" ><p><img loading=\"lazy\" decoding=\"async\" class=\"wp-image-1492 size-full aligncenter\" src=\"https:\/\/contentfilms.productions\/wp-content\/uploads\/2022\/03\/MFY-Logos-Awards-WorldLuxuryAward.png\" alt=\"\" width=\"150\" height=\"157\" \/><\/p>\n<h5 class=\"award\">WORLD LUXURY AWARD<\/h5>\n<h6 class=\"award\">Branded Content<br \/>\nBeverages &amp; Food<\/h6>\n<\/div><\/section><\/div><div  class='flex_column av-1gs1i-db25a7c512c0de82d32523920b77dc80 av_one_fifth  avia-builder-el-17  el_after_av_one_fifth  avia-builder-el-last  awards-container flex_column_div  column-top-margin'     ><section  class='av_textblock_section av-117s2-755fb04418fb68db4820b9e449162233 '   itemscope=\"itemscope\" itemtype=\"https:\/\/schema.org\/CreativeWork\" ><div class='avia_textblock'  itemprop=\"text\" ><p><img loading=\"lazy\" decoding=\"async\" class=\"wp-image-1488 size-full aligncenter\" src=\"https:\/\/contentfilms.productions\/wp-content\/uploads\/2022\/03\/MFY-Logos-Awards-StevieAwards-Bronze.png\" alt=\"\" width=\"150\" height=\"157\" \/><\/p>\n<h5 class=\"award\">Stevie<\/h5>\n<h6 class=\"award\">Branded Content<br \/>\nCampaign of the Year<\/h6>\n<\/div><\/section><\/div>\n<\/div><\/div><\/div><!-- close content main div --><\/div><\/div><div id='after_section_2'  class='main_color av_default_container_wrap container_wrap sidebar_right'  ><div class='container av-section-cont-open' ><div class='template-page content  av-content-small alpha units'><div class='post-entry post-entry-type-page post-entry-2230'><div class='entry-content-wrapper clearfix'><\/p>\n","protected":false},"excerpt":{"rendered":"","protected":false},"author":1,"featured_media":0,"parent":0,"menu_order":0,"comment_status":"closed","ping_status":"closed","template":"","meta":{"_acf_changed":false,"footnotes":""},"class_list":["post-2230","page","type-page","status-publish","hentry"],"acf":[],"yoast_head":"<!-- This site is optimized with the Yoast SEO plugin v27.2 - https:\/\/yoast.com\/product\/yoast-seo-wordpress\/ -->\n<title>Sobre nosotros - Content Films<\/title>\n<meta name=\"robots\" content=\"index, follow, max-snippet:-1, max-image-preview:large, max-video-preview:-1\" \/>\n<link rel=\"canonical\" href=\"https:\/\/contentfilms.productions\/es\/sobre-nosotros\/\" \/>\n<meta property=\"og:locale\" content=\"es_ES\" \/>\n<meta property=\"og:type\" content=\"article\" \/>\n<meta property=\"og:title\" content=\"Sobre nosotros - Content Films\" \/>\n<meta property=\"og:url\" content=\"https:\/\/contentfilms.productions\/es\/sobre-nosotros\/\" \/>\n<meta property=\"og:site_name\" content=\"Content Films\" \/>\n<meta property=\"article:modified_time\" content=\"2022-05-15T16:11:21+00:00\" \/>\n<meta property=\"og:image\" content=\"https:\/\/contentfilms.productions\/wp-content\/uploads\/2022\/03\/MFY-Logos-Awards-MuseDesignAward-platinumwinner21.png\" \/>\n<meta name=\"twitter:card\" content=\"summary_large_image\" \/>\n<script type=\"application\/ld+json\" class=\"yoast-schema-graph\">{\"@context\":\"https:\/\/schema.org\",\"@graph\":[{\"@type\":\"WebPage\",\"@id\":\"https:\/\/contentfilms.productions\/es\/sobre-nosotros\/\",\"url\":\"https:\/\/contentfilms.productions\/es\/sobre-nosotros\/\",\"name\":\"Sobre nosotros - Content Films\",\"isPartOf\":{\"@id\":\"https:\/\/contentfilms.productions\/#website\"},\"primaryImageOfPage\":{\"@id\":\"https:\/\/contentfilms.productions\/es\/sobre-nosotros\/#primaryimage\"},\"image\":{\"@id\":\"https:\/\/contentfilms.productions\/es\/sobre-nosotros\/#primaryimage\"},\"thumbnailUrl\":\"https:\/\/contentfilms.productions\/wp-content\/uploads\/2022\/03\/MFY-Logos-Awards-MuseDesignAward-platinumwinner21.png\",\"datePublished\":\"2022-01-18T09:18:16+00:00\",\"dateModified\":\"2022-05-15T16:11:21+00:00\",\"breadcrumb\":{\"@id\":\"https:\/\/contentfilms.productions\/es\/sobre-nosotros\/#breadcrumb\"},\"inLanguage\":\"es\",\"potentialAction\":[{\"@type\":\"ReadAction\",\"target\":[\"https:\/\/contentfilms.productions\/es\/sobre-nosotros\/\"]}]},{\"@type\":\"ImageObject\",\"inLanguage\":\"es\",\"@id\":\"https:\/\/contentfilms.productions\/es\/sobre-nosotros\/#primaryimage\",\"url\":\"https:\/\/contentfilms.productions\/wp-content\/uploads\/2022\/03\/MFY-Logos-Awards-MuseDesignAward-platinumwinner21.png\",\"contentUrl\":\"https:\/\/contentfilms.productions\/wp-content\/uploads\/2022\/03\/MFY-Logos-Awards-MuseDesignAward-platinumwinner21.png\"},{\"@type\":\"BreadcrumbList\",\"@id\":\"https:\/\/contentfilms.productions\/es\/sobre-nosotros\/#breadcrumb\",\"itemListElement\":[{\"@type\":\"ListItem\",\"position\":1,\"name\":\"Home\",\"item\":\"https:\/\/contentfilms.productions\/es\/content-films-productions\/\"},{\"@type\":\"ListItem\",\"position\":2,\"name\":\"Sobre nosotros\"}]},{\"@type\":\"WebSite\",\"@id\":\"https:\/\/contentfilms.productions\/#website\",\"url\":\"https:\/\/contentfilms.productions\/\",\"name\":\"Content Films\",\"description\":\"We create stories that make a mark\",\"potentialAction\":[{\"@type\":\"SearchAction\",\"target\":{\"@type\":\"EntryPoint\",\"urlTemplate\":\"https:\/\/contentfilms.productions\/?s={search_term_string}\"},\"query-input\":{\"@type\":\"PropertyValueSpecification\",\"valueRequired\":true,\"valueName\":\"search_term_string\"}}],\"inLanguage\":\"es\"}]}<\/script>\n<!-- \/ Yoast SEO plugin. -->","yoast_head_json":{"title":"Sobre nosotros - Content Films","robots":{"index":"index","follow":"follow","max-snippet":"max-snippet:-1","max-image-preview":"max-image-preview:large","max-video-preview":"max-video-preview:-1"},"canonical":"https:\/\/contentfilms.productions\/es\/sobre-nosotros\/","og_locale":"es_ES","og_type":"article","og_title":"Sobre nosotros - Content Films","og_url":"https:\/\/contentfilms.productions\/es\/sobre-nosotros\/","og_site_name":"Content Films","article_modified_time":"2022-05-15T16:11:21+00:00","og_image":[{"url":"https:\/\/contentfilms.productions\/wp-content\/uploads\/2022\/03\/MFY-Logos-Awards-MuseDesignAward-platinumwinner21.png","type":"","width":"","height":""}],"twitter_card":"summary_large_image","schema":{"@context":"https:\/\/schema.org","@graph":[{"@type":"WebPage","@id":"https:\/\/contentfilms.productions\/es\/sobre-nosotros\/","url":"https:\/\/contentfilms.productions\/es\/sobre-nosotros\/","name":"Sobre nosotros - Content Films","isPartOf":{"@id":"https:\/\/contentfilms.productions\/#website"},"primaryImageOfPage":{"@id":"https:\/\/contentfilms.productions\/es\/sobre-nosotros\/#primaryimage"},"image":{"@id":"https:\/\/contentfilms.productions\/es\/sobre-nosotros\/#primaryimage"},"thumbnailUrl":"https:\/\/contentfilms.productions\/wp-content\/uploads\/2022\/03\/MFY-Logos-Awards-MuseDesignAward-platinumwinner21.png","datePublished":"2022-01-18T09:18:16+00:00","dateModified":"2022-05-15T16:11:21+00:00","breadcrumb":{"@id":"https:\/\/contentfilms.productions\/es\/sobre-nosotros\/#breadcrumb"},"inLanguage":"es","potentialAction":[{"@type":"ReadAction","target":["https:\/\/contentfilms.productions\/es\/sobre-nosotros\/"]}]},{"@type":"ImageObject","inLanguage":"es","@id":"https:\/\/contentfilms.productions\/es\/sobre-nosotros\/#primaryimage","url":"https:\/\/contentfilms.productions\/wp-content\/uploads\/2022\/03\/MFY-Logos-Awards-MuseDesignAward-platinumwinner21.png","contentUrl":"https:\/\/contentfilms.productions\/wp-content\/uploads\/2022\/03\/MFY-Logos-Awards-MuseDesignAward-platinumwinner21.png"},{"@type":"BreadcrumbList","@id":"https:\/\/contentfilms.productions\/es\/sobre-nosotros\/#breadcrumb","itemListElement":[{"@type":"ListItem","position":1,"name":"Home","item":"https:\/\/contentfilms.productions\/es\/content-films-productions\/"},{"@type":"ListItem","position":2,"name":"Sobre nosotros"}]},{"@type":"WebSite","@id":"https:\/\/contentfilms.productions\/#website","url":"https:\/\/contentfilms.productions\/","name":"Content Films","description":"We create stories that make a mark","potentialAction":[{"@type":"SearchAction","target":{"@type":"EntryPoint","urlTemplate":"https:\/\/contentfilms.productions\/?s={search_term_string}"},"query-input":{"@type":"PropertyValueSpecification","valueRequired":true,"valueName":"search_term_string"}}],"inLanguage":"es"}]}},"_links":{"self":[{"href":"https:\/\/contentfilms.productions\/es\/wp-json\/wp\/v2\/pages\/2230","targetHints":{"allow":["GET"]}}],"collection":[{"href":"https:\/\/contentfilms.productions\/es\/wp-json\/wp\/v2\/pages"}],"about":[{"href":"https:\/\/contentfilms.productions\/es\/wp-json\/wp\/v2\/types\/page"}],"author":[{"embeddable":true,"href":"https:\/\/contentfilms.productions\/es\/wp-json\/wp\/v2\/users\/1"}],"replies":[{"embeddable":true,"href":"https:\/\/contentfilms.productions\/es\/wp-json\/wp\/v2\/comments?post=2230"}],"version-history":[{"count":2,"href":"https:\/\/contentfilms.productions\/es\/wp-json\/wp\/v2\/pages\/2230\/revisions"}],"predecessor-version":[{"id":2283,"href":"https:\/\/contentfilms.productions\/es\/wp-json\/wp\/v2\/pages\/2230\/revisions\/2283"}],"wp:attachment":[{"href":"https:\/\/contentfilms.productions\/es\/wp-json\/wp\/v2\/media?parent=2230"}],"curies":[{"name":"wp","href":"https:\/\/api.w.org\/{rel}","templated":true}]}}