{"id":2236,"date":"2022-01-12T11:18:11","date_gmt":"2022-01-12T11:18:11","guid":{"rendered":"https:\/\/contentfilms.productions\/cookies\/"},"modified":"2022-05-16T09:39:41","modified_gmt":"2022-05-16T09:39:41","slug":"cookies","status":"publish","type":"page","link":"https:\/\/contentfilms.productions\/es\/cookies\/","title":{"rendered":"Cookies"},"content":{"rendered":"<div  class='flex_column av-34cj-36459d4a54434bc8cf36af8187c5682f av_four_fifth  avia-builder-el-0  el_before_av_one_fifth  avia-builder-el-first  first flex_column_div  '     ><section  class='av_textblock_section av-l13h75qf-3c5bd7cf9f75169de972db1770bcaa8f '   itemscope=\"itemscope\" itemtype=\"https:\/\/schema.org\/CreativeWork\" ><div class='avia_textblock'  itemprop=\"text\" ><h2 style=\"margin-bottom: 30px;\">Cookies<\/h2>\n<p lang=\"ca-ES\"><span lang=\"es-ES\">En cumplimiento de la Ley 34\/2002, de fecha 11 de julio, de servicios de la sociedad de la informaci\u00f3n y del comercio electr\u00f3nico, <\/span>CONTENT FILMS, S.L, informa a sus usuarios de la utilizaci\u00f3n de cookies para mejorar el servicio prestado.<\/p>\n<p><strong>\u00bfQu\u00e9 son las cookies?<\/strong><\/p>\n<p>Una cookie es un fichero que se descarga en su ordenador al acceder a determinadas p\u00e1ginas webs. Las cookies permiten a una p\u00e1gina web, entre otras, almacenar y recuperar informaci\u00f3n sobre los h\u00e1bitos de navegaci\u00f3n de un usuario o de su equipo para, en funci\u00f3n del tipo de navegaci\u00f3n, poder ofrecer un mejor servicio a trav\u00e9s de la p\u00e1gina web.<\/p>\n<p><strong>\u00bfQu\u00e9 tipo de cookies utiliza esta p\u00e1gina web y cu\u00e1les son sus finalidades?<\/strong><\/p>\n<ul>\n<li>\n<p lang=\"ca-ES\"><strong><span lang=\"es-ES\">Cookies t\u00e9cnicas<\/span><\/strong><span lang=\"es-ES\"><strong>:<\/strong> Son aqu\u00e9llas que permiten al usuario la navegaci\u00f3n a trav\u00e9s de una p\u00e1gina web, plataforma o aplicaci\u00f3n y la utilizaci\u00f3n de las diferentes opciones o servicios que en ella existan.<\/span><\/p>\n<\/li>\n<li>\n<p lang=\"ca-ES\"><strong><span lang=\"es-ES\">Cookies anal\u00edticas<\/span><\/strong><span lang=\"es-ES\"><strong>:<\/strong> Son aquellas que permiten al responsable de las cookies, en este caso, Google Analytics, el seguimiento y an\u00e1lisis del comportamiento de los usuarios de los sitios web. Se utilizan para medir la actividad del sitio web y para crear perfiles de navegaci\u00f3n de los usuarios.<\/span><\/p>\n<\/li>\n<li>\n<p lang=\"ca-ES\"><strong><span lang=\"es-ES\">Cookies de sesi\u00f3n<\/span><span lang=\"es-ES\">: <\/span><\/strong><span lang=\"es-ES\">Son un tipo de cookies dise\u00f1adas para recabar y almacenar datos mientras el usuario accede a una p\u00e1gina web. Se suelen emplear para almacenar informaci\u00f3n que solo interesa conservar para la prestaci\u00f3n del servicio solicitado por el usuario en una sola ocasi\u00f3n<\/span><span lang=\"es-ES\">.<\/span><\/p>\n<\/li>\n<\/ul>\n<p><strong><span lang=\"es-ES\">Permitir, bloquear o eliminar las cookies<\/span><\/strong><\/p>\n<p><span lang=\"es-ES\">Puede usted permitir, bloquear o eliminar las cookies instaladas en su equipo mediante la configuraci\u00f3n de las opciones del navegador instalado en su ordenador.<\/span><\/p>\n<p><span lang=\"es-ES\">Puede obtener m\u00e1s informaci\u00f3n sobre c\u00f3mo eliminar o bloquear las cookies de su navegador en:<\/span><\/p>\n<ul>\n<li><span lang=\"es-ES\">Desactivar cookies en Chrome: <\/span><a href=\"https:\/\/support.google.com\/chrome\/answer\/95647?hl=es\"><span lang=\"es-ES\">https:\/\/support.google.com\/chrome\/answer\/95647?hl=es<\/span><\/a><\/li>\n<\/ul>\n<ul>\n<li><span lang=\"es-ES\">Desactivar cookies en Firefox: <\/span><a href=\"https:\/\/support.mozilla.org\/es\/kb\/habilitar-y-deshabilitar-cookies-sitios-web-rastrear-preferencias\">https:\/\/support.mozilla.org\/es\/kb\/habilitar-y-deshabilitar-cookies-sitios-web-rastrear-preferencias<\/a><\/li>\n<\/ul>\n<ul>\n<li><span lang=\"es-ES\">Desactivar cookies en Internet Explorer: <\/span><a href=\"http:\/\/windows.microsoft.com\/es-es\/windows-vista\/block-or-allow-cookies\"><span lang=\"es-ES\">http:\/\/windows.microsoft.com\/es-es\/windows-vista\/block-or-allow-cookies<\/span><\/a><\/li>\n<\/ul>\n<ul>\n<li><span lang=\"es-ES\">Desactivar cookies en Safari:<\/span> <a href=\"https:\/\/support.apple.com\/es-es\/guide\/safari\/sfri11471\/mac\"><span lang=\"es-ES\">https:\/\/support.apple.com\/es-es\/guide\/safari\/sfri11471\/mac<\/span><\/a><\/li>\n<\/ul>\n<p><span lang=\"es-ES\">Para cualquier duda sobre nuestra pol\u00edtica de cookies puede dirigirse a <\/span><a href=\"mailto:info@contentfilms.productions\">info@contentfilms.productions<\/a><\/p>\n<\/div><\/section><\/div><div  class='flex_column av-68uj-babdb73c1a397ea39bb254d3211e5482 av_one_fifth  avia-builder-el-2  el_after_av_four_fifth  avia-builder-el-last  flex_column_div  '     ><\/div><\/p>\n","protected":false},"excerpt":{"rendered":"","protected":false},"author":1,"featured_media":0,"parent":0,"menu_order":0,"comment_status":"closed","ping_status":"closed","template":"","meta":{"_acf_changed":false,"footnotes":""},"class_list":["post-2236","page","type-page","status-publish","hentry"],"acf":[],"yoast_head":"<!-- This site is optimized with the Yoast SEO plugin v27.2 - https:\/\/yoast.com\/product\/yoast-seo-wordpress\/ -->\n<title>Cookies - Content Films<\/title>\n<meta name=\"robots\" content=\"index, follow, max-snippet:-1, max-image-preview:large, max-video-preview:-1\" \/>\n<link rel=\"canonical\" href=\"https:\/\/contentfilms.productions\/es\/cookies\/\" \/>\n<meta property=\"og:locale\" content=\"es_ES\" \/>\n<meta property=\"og:type\" content=\"article\" \/>\n<meta property=\"og:title\" content=\"Cookies - Content Films\" \/>\n<meta property=\"og:url\" content=\"https:\/\/contentfilms.productions\/es\/cookies\/\" \/>\n<meta property=\"og:site_name\" content=\"Content Films\" \/>\n<meta property=\"article:modified_time\" content=\"2022-05-16T09:39:41+00:00\" \/>\n<meta name=\"twitter:card\" content=\"summary_large_image\" \/>\n<meta name=\"twitter:label1\" content=\"Tiempo de lectura\" \/>\n\t<meta name=\"twitter:data1\" content=\"5 minutos\" \/>\n<script type=\"application\/ld+json\" class=\"yoast-schema-graph\">{\"@context\":\"https:\/\/schema.org\",\"@graph\":[{\"@type\":\"WebPage\",\"@id\":\"https:\/\/contentfilms.productions\/es\/cookies\/\",\"url\":\"https:\/\/contentfilms.productions\/es\/cookies\/\",\"name\":\"Cookies - Content Films\",\"isPartOf\":{\"@id\":\"https:\/\/contentfilms.productions\/#website\"},\"datePublished\":\"2022-01-12T11:18:11+00:00\",\"dateModified\":\"2022-05-16T09:39:41+00:00\",\"breadcrumb\":{\"@id\":\"https:\/\/contentfilms.productions\/es\/cookies\/#breadcrumb\"},\"inLanguage\":\"es\",\"potentialAction\":[{\"@type\":\"ReadAction\",\"target\":[\"https:\/\/contentfilms.productions\/es\/cookies\/\"]}]},{\"@type\":\"BreadcrumbList\",\"@id\":\"https:\/\/contentfilms.productions\/es\/cookies\/#breadcrumb\",\"itemListElement\":[{\"@type\":\"ListItem\",\"position\":1,\"name\":\"Home\",\"item\":\"https:\/\/contentfilms.productions\/es\/content-films-productions\/\"},{\"@type\":\"ListItem\",\"position\":2,\"name\":\"Cookies\"}]},{\"@type\":\"WebSite\",\"@id\":\"https:\/\/contentfilms.productions\/#website\",\"url\":\"https:\/\/contentfilms.productions\/\",\"name\":\"Content Films\",\"description\":\"We create stories that make a mark\",\"potentialAction\":[{\"@type\":\"SearchAction\",\"target\":{\"@type\":\"EntryPoint\",\"urlTemplate\":\"https:\/\/contentfilms.productions\/?s={search_term_string}\"},\"query-input\":{\"@type\":\"PropertyValueSpecification\",\"valueRequired\":true,\"valueName\":\"search_term_string\"}}],\"inLanguage\":\"es\"}]}<\/script>\n<!-- \/ Yoast SEO plugin. -->","yoast_head_json":{"title":"Cookies - Content Films","robots":{"index":"index","follow":"follow","max-snippet":"max-snippet:-1","max-image-preview":"max-image-preview:large","max-video-preview":"max-video-preview:-1"},"canonical":"https:\/\/contentfilms.productions\/es\/cookies\/","og_locale":"es_ES","og_type":"article","og_title":"Cookies - Content Films","og_url":"https:\/\/contentfilms.productions\/es\/cookies\/","og_site_name":"Content Films","article_modified_time":"2022-05-16T09:39:41+00:00","twitter_card":"summary_large_image","twitter_misc":{"Tiempo de lectura":"5 minutos"},"schema":{"@context":"https:\/\/schema.org","@graph":[{"@type":"WebPage","@id":"https:\/\/contentfilms.productions\/es\/cookies\/","url":"https:\/\/contentfilms.productions\/es\/cookies\/","name":"Cookies - Content Films","isPartOf":{"@id":"https:\/\/contentfilms.productions\/#website"},"datePublished":"2022-01-12T11:18:11+00:00","dateModified":"2022-05-16T09:39:41+00:00","breadcrumb":{"@id":"https:\/\/contentfilms.productions\/es\/cookies\/#breadcrumb"},"inLanguage":"es","potentialAction":[{"@type":"ReadAction","target":["https:\/\/contentfilms.productions\/es\/cookies\/"]}]},{"@type":"BreadcrumbList","@id":"https:\/\/contentfilms.productions\/es\/cookies\/#breadcrumb","itemListElement":[{"@type":"ListItem","position":1,"name":"Home","item":"https:\/\/contentfilms.productions\/es\/content-films-productions\/"},{"@type":"ListItem","position":2,"name":"Cookies"}]},{"@type":"WebSite","@id":"https:\/\/contentfilms.productions\/#website","url":"https:\/\/contentfilms.productions\/","name":"Content Films","description":"We create stories that make a mark","potentialAction":[{"@type":"SearchAction","target":{"@type":"EntryPoint","urlTemplate":"https:\/\/contentfilms.productions\/?s={search_term_string}"},"query-input":{"@type":"PropertyValueSpecification","valueRequired":true,"valueName":"search_term_string"}}],"inLanguage":"es"}]}},"_links":{"self":[{"href":"https:\/\/contentfilms.productions\/es\/wp-json\/wp\/v2\/pages\/2236","targetHints":{"allow":["GET"]}}],"collection":[{"href":"https:\/\/contentfilms.productions\/es\/wp-json\/wp\/v2\/pages"}],"about":[{"href":"https:\/\/contentfilms.productions\/es\/wp-json\/wp\/v2\/types\/page"}],"author":[{"embeddable":true,"href":"https:\/\/contentfilms.productions\/es\/wp-json\/wp\/v2\/users\/1"}],"replies":[{"embeddable":true,"href":"https:\/\/contentfilms.productions\/es\/wp-json\/wp\/v2\/comments?post=2236"}],"version-history":[{"count":4,"href":"https:\/\/contentfilms.productions\/es\/wp-json\/wp\/v2\/pages\/2236\/revisions"}],"predecessor-version":[{"id":2308,"href":"https:\/\/contentfilms.productions\/es\/wp-json\/wp\/v2\/pages\/2236\/revisions\/2308"}],"wp:attachment":[{"href":"https:\/\/contentfilms.productions\/es\/wp-json\/wp\/v2\/media?parent=2236"}],"curies":[{"name":"wp","href":"https:\/\/api.w.org\/{rel}","templated":true}]}}