{"id":2238,"date":"2022-03-23T11:31:53","date_gmt":"2022-03-23T11:31:53","guid":{"rendered":"https:\/\/contentfilms.productions\/data-protection\/"},"modified":"2022-05-17T11:47:37","modified_gmt":"2022-05-17T11:47:37","slug":"proteccion-datos","status":"publish","type":"page","link":"https:\/\/contentfilms.productions\/es\/proteccion-datos\/","title":{"rendered":"Protecci\u00f3n de datos"},"content":{"rendered":"<div  class='flex_column av-edv69-3a842ad7972aa1acb2912eb119c63f9d av_one_full  avia-builder-el-0  avia-builder-el-no-sibling  first flex_column_div  '     ><section  class='av_textblock_section av-l13hjx0f-c3c204f08917694bb9fa4b2cf99395c7 '   itemscope=\"itemscope\" itemtype=\"https:\/\/schema.org\/CreativeWork\" ><div class='avia_textblock'  itemprop=\"text\" ><table cellspacing=\"0\" cellpadding=\"8\">\n<tbody>\n<tr valign=\"TOP\">\n<td colspan=\"2\" width=\"287\">\n<p lang=\"ca-ES\" style=\"text-align: left;\" align=\"CENTER\"><strong><span lang=\"es-ES\">Informaci\u00f3n sobre protecci\u00f3n de datos<\/span><\/strong><\/p>\n<\/td>\n<td style=\"text-align: left;\" width=\"287\"><\/td>\n<\/tr>\n<tr valign=\"TOP\">\n<td width=\"125\">\n<p lang=\"ca-ES\" style=\"text-align: left;\" align=\"CENTER\"><strong><span lang=\"es-ES\">Denominaci\u00f3n social<\/span><\/strong><\/p>\n<\/td>\n<td colspan=\"2\" width=\"449\">\n<p lang=\"ca-ES\" align=\"JUSTIFY\"><em><span lang=\"es-ES\">Identidad: <\/span><span lang=\"es-ES\">CONTENT FILMS, SL.<\/span><\/em><\/p>\n<p lang=\"ca-ES\" align=\"JUSTIFY\"><em><span lang=\"es-ES\">Dir. Postal: Consell de Cent, 373, 2\u00ba 2\u00aa, 08009 Barcelona, Espa\u00f1a.<\/span><\/em><\/p>\n<p lang=\"ca-ES\" align=\"JUSTIFY\"><em><span lang=\"es-ES\">Tel\u00e9fono: +34 933 68 65 25<\/span><\/em><\/p>\n<p><em>Email: <a href=\"mailto:info@contentfilms.productions\">info@contentfilms.productions<\/a><\/em><\/td>\n<\/tr>\n<tr valign=\"TOP\">\n<td width=\"125\">\n<p lang=\"ca-ES\" style=\"text-align: left;\" align=\"CENTER\"><strong><span lang=\"es-ES\">Finalidad<\/span><\/strong><\/p>\n<\/td>\n<td colspan=\"2\" width=\"449\">\n<p lang=\"ca-ES\" align=\"JUSTIFY\"><strong><span lang=\"es-ES\">\u00bfPara qu\u00e9 usamos los datos?<\/span><\/strong><\/p>\n<p lang=\"ca-ES\" align=\"JUSTIFY\"><span lang=\"es-ES\">Formulario de contacto en l\u00ednea<\/span><span lang=\"es-ES\">: los datos personales recopilados en este formulario se utilizar\u00e1n exclusivamente para informarle sobre los servicios que ha solicitado. Si contrata alguno de nuestros servicios, sus datos personales ser\u00e1n utilizados exclusivamente para gestionar los servicios contratados. <\/span><\/p>\n<p lang=\"ca-ES\" align=\"JUSTIFY\"><span lang=\"es-ES\">Los datos de nuestros <\/span><span lang=\"es-ES\">clientes<\/span><span lang=\"es-ES\">, ser\u00e1n tratados con la exclusiva finalidad de prestar los servicios, y en caso que nos d\u00e9 su consentimiento le mantendremos informado sobre nuestros servicios.<\/span><\/p>\n<p lang=\"ca-ES\" align=\"JUSTIFY\"><span lang=\"es-ES\">Los datos de nuestros <\/span><span lang=\"es-ES\">empleados<\/span><span lang=\"es-ES\"> ser\u00e1n exclusivamente tratados para gestionar su relaci\u00f3n laboral con CONTENT FILMS, SL.<\/span><\/p>\n<p lang=\"ca-ES\" align=\"JUSTIFY\"><span lang=\"es-ES\">Datos de candidatos a vacantes laborales de <\/span><span lang=\"es-ES\">CONTENT FILMS, SL<\/span><span lang=\"es-ES\">.<\/span><span lang=\"es-ES\">: en el caso de que nos env\u00ede su CV o de realizar una entrevista de trabajo en nuestras oficinas, sus datos ser\u00e1n utilizados para cubrir posibles vacantes laborales en nuestra compa\u00f1\u00eda. En el supuesto de ser contratado, sus datos personales ser\u00e1n exclusivamente utilizados para gestionar la relaci\u00f3n laboral con <\/span><span lang=\"es-ES\">CONTENT FILMS, SL.<\/span><\/p>\n<p lang=\"ca-ES\" align=\"JUSTIFY\"><span lang=\"es-ES\">\u00bfCu\u00e1nto tiempo custodiamos los datos?<\/span><\/p>\n<p lang=\"ca-ES\" align=\"JUSTIFY\"><span lang=\"es-ES\">Los datos personales de clientes potenciales que finalmente no contraten ninguno de nuestros servicios se eliminar\u00e1n autom\u00e1ticamente un a\u00f1o despu\u00e9s, siempre que no hayan mostrado mayor inter\u00e9s en nuestros servicios. Si contrata alguno de nuestros servicios, procesaremos los datos que proporcione durante la vigencia del contrato y los conservaremos posteriormente durante el tiempo que sea necesario para abordar cualquier asunto de responsabilidad legal.<\/span><\/p>\n<p lang=\"ca-ES\" align=\"JUSTIFY\"><span lang=\"es-ES\"><br \/>\n<\/span><span lang=\"es-ES\">En relaci\u00f3n a los datos laborales \u00e9stos ser\u00e1n tratados mientras dure dicha relaci\u00f3n y una vez concluida, por el tiempo necesario para responder por posibles incumplimientos en este \u00e1mbito. En el supuesto de que nos haya enviado su CV o de realizar alguna entrevista por una vacante laboral, sus datos personales ser\u00e1n archivados por un per\u00edodo de un a\u00f1o, tras el cual, de no haber sido seleccionado, ser\u00e1n borrados de nuestros sistemas.<\/span><\/p>\n<\/td>\n<\/tr>\n<tr valign=\"TOP\">\n<td width=\"125\">\n<p lang=\"ca-ES\" style=\"text-align: left;\" align=\"CENTER\"><strong><span lang=\"es-ES\">Legitimizaci\u00f3n<\/span><\/strong><\/p>\n<\/td>\n<td colspan=\"2\" width=\"449\">\n<p style=\"text-align: left;\" align=\"JUSTIFY\"><strong>CONTENT FILMS, SL,<\/strong> procesar\u00e1 los datos de sus clientes y empleados para cumplir con sus acuerdos contractuales.\u00a0Se requerir\u00e1 el consentimiento expl\u00edcito del interesado para cualquier otra actividad de procesamiento de datos.<\/p>\n<p align=\"JUSTIFY\">La base legitimadora para tratar los datos del formulario de contacto en l\u00ednea es el consentimiento del interesado.<\/p>\n<\/td>\n<\/tr>\n<tr valign=\"TOP\">\n<td width=\"125\">\n<p lang=\"ca-ES\" style=\"text-align: left;\" align=\"CENTER\"><strong><span lang=\"es-ES\">Destinatarios<\/span><\/strong><\/p>\n<\/td>\n<td colspan=\"2\" width=\"449\">\n<p lang=\"ca-ES\" style=\"text-align: left;\" align=\"JUSTIFY\"><strong><span lang=\"es-ES\">Cesiones de datos a terceros<\/span><\/strong><\/p>\n<p lang=\"ca-ES\" align=\"JUSTIFY\"><span lang=\"es-ES\">Sus datos personales no ser\u00e1n cedidos a terceros sin su consentimiento, salvo que medie una ley que obligue a CONTENT FILMS, S.L a tal cesi\u00f3n de datos.<\/span><\/p>\n<\/td>\n<\/tr>\n<tr valign=\"TOP\">\n<td width=\"125\">\n<p lang=\"ca-ES\" style=\"text-align: left;\" align=\"CENTER\"><strong><span lang=\"es-ES\">Categor\u00eda de datos tratados<\/span><\/strong><\/p>\n<\/td>\n<td colspan=\"2\" width=\"449\">\n<p lang=\"ca-ES\" align=\"JUSTIFY\"><strong><span lang=\"es-ES\">Tipos de datos tratados<\/span><\/strong><\/p>\n<ul>\n<li>\n<p lang=\"ca-ES\" align=\"JUSTIFY\"><span lang=\"es-ES\">Datos identificativos.<\/span><\/p>\n<\/li>\n<li>\n<p lang=\"ca-ES\" align=\"JUSTIFY\"><span lang=\"es-ES\">Datos de contacto.<\/span><\/p>\n<\/li>\n<li>\n<p lang=\"ca-ES\" align=\"JUSTIFY\"><span lang=\"es-ES\">Datos bancarios.<\/span><\/p>\n<\/li>\n<\/ul>\n<p lang=\"ca-ES\" align=\"JUSTIFY\"><span lang=\"es-ES\">En ning\u00fan caso trataremos datos especialmente protegidos como de salud, ideolog\u00eda o cualquiera que pueda afectar de manera directa a la intimidad de los titulares de los datos. Esto se entiende sin perjuicio de aquellos datos de salud que debamos tratar de nuestros trabajadores a fin de atender a nuestras obligaciones laborales.<\/span><\/p>\n<\/td>\n<\/tr>\n<tr valign=\"TOP\">\n<td width=\"125\">\n<p lang=\"ca-ES\" style=\"text-align: left;\" align=\"CENTER\"><strong><span lang=\"es-ES\">Derechos <\/span><\/strong><\/p>\n<\/td>\n<td colspan=\"2\" width=\"449\">\n<p lang=\"ca-ES\" align=\"JUSTIFY\"><strong><span lang=\"es-ES\">Tiene derecho a:<\/span><\/strong><\/p>\n<ul>\n<li>\n<p lang=\"ca-ES\" align=\"JUSTIFY\"><span lang=\"es-ES\">Acceder a los datos personales.<\/span><\/p>\n<\/li>\n<li>\n<p lang=\"ca-ES\" align=\"JUSTIFY\"><span lang=\"es-ES\">Rectificar los datos personales.<\/span><\/p>\n<\/li>\n<li>\n<p lang=\"ca-ES\" align=\"JUSTIFY\"><span lang=\"es-ES\">Suprimir los datos personales.<\/span><\/p>\n<\/li>\n<li>\n<p lang=\"ca-ES\" align=\"JUSTIFY\"><span lang=\"es-ES\">Presentar una denuncia o un escrito para la tutela de tus derechos ante la Agencia Espa\u00f1ola de Protecci\u00f3n de Datos o ante la agencia auton\u00f3mica de protecci\u00f3n de datos, en caso que existiera.<\/span><\/p>\n<\/li>\n<li>\n<p lang=\"ca-ES\" align=\"JUSTIFY\"><span lang=\"es-ES\">Ser informado de cualquier incidencia de seguridad que pueda afectar a sus derechos.<\/span><\/p>\n<\/li>\n<li>\n<p lang=\"ca-ES\" align=\"JUSTIFY\"><span lang=\"es-ES\">Limitaci\u00f3n del tratamiento<\/span>.<\/p>\n<\/li>\n<li>\n<p lang=\"ca-ES\" align=\"JUSTIFY\"><span lang=\"es-ES\">Portabilidad<\/span>.<\/p>\n<\/li>\n<\/ul>\n<\/td>\n<\/tr>\n<\/tbody>\n<\/table>\n<\/div><\/section><\/div>\n","protected":false},"excerpt":{"rendered":"","protected":false},"author":1,"featured_media":0,"parent":0,"menu_order":0,"comment_status":"closed","ping_status":"closed","template":"","meta":{"_acf_changed":false,"footnotes":""},"class_list":["post-2238","page","type-page","status-publish","hentry"],"acf":[],"yoast_head":"<!-- This site is optimized with the Yoast SEO plugin v27.2 - https:\/\/yoast.com\/product\/yoast-seo-wordpress\/ -->\n<title>Protecci\u00f3n de datos - Content Films<\/title>\n<meta name=\"robots\" content=\"index, follow, max-snippet:-1, max-image-preview:large, max-video-preview:-1\" \/>\n<link rel=\"canonical\" href=\"https:\/\/contentfilms.productions\/es\/proteccion-datos\/\" \/>\n<meta property=\"og:locale\" content=\"es_ES\" \/>\n<meta property=\"og:type\" content=\"article\" \/>\n<meta property=\"og:title\" content=\"Protecci\u00f3n de datos - Content Films\" \/>\n<meta property=\"og:url\" content=\"https:\/\/contentfilms.productions\/es\/proteccion-datos\/\" \/>\n<meta property=\"og:site_name\" content=\"Content Films\" \/>\n<meta property=\"article:modified_time\" content=\"2022-05-17T11:47:37+00:00\" \/>\n<meta name=\"twitter:card\" content=\"summary_large_image\" \/>\n<meta name=\"twitter:label1\" content=\"Tiempo de lectura\" \/>\n\t<meta name=\"twitter:data1\" content=\"4 minutos\" \/>\n<script type=\"application\/ld+json\" class=\"yoast-schema-graph\">{\"@context\":\"https:\/\/schema.org\",\"@graph\":[{\"@type\":\"WebPage\",\"@id\":\"https:\/\/contentfilms.productions\/es\/proteccion-datos\/\",\"url\":\"https:\/\/contentfilms.productions\/es\/proteccion-datos\/\",\"name\":\"Protecci\u00f3n de datos - Content Films\",\"isPartOf\":{\"@id\":\"https:\/\/contentfilms.productions\/#website\"},\"datePublished\":\"2022-03-23T11:31:53+00:00\",\"dateModified\":\"2022-05-17T11:47:37+00:00\",\"breadcrumb\":{\"@id\":\"https:\/\/contentfilms.productions\/es\/proteccion-datos\/#breadcrumb\"},\"inLanguage\":\"es\",\"potentialAction\":[{\"@type\":\"ReadAction\",\"target\":[\"https:\/\/contentfilms.productions\/es\/proteccion-datos\/\"]}]},{\"@type\":\"BreadcrumbList\",\"@id\":\"https:\/\/contentfilms.productions\/es\/proteccion-datos\/#breadcrumb\",\"itemListElement\":[{\"@type\":\"ListItem\",\"position\":1,\"name\":\"Home\",\"item\":\"https:\/\/contentfilms.productions\/es\/content-films-productions\/\"},{\"@type\":\"ListItem\",\"position\":2,\"name\":\"Protecci\u00f3n de datos\"}]},{\"@type\":\"WebSite\",\"@id\":\"https:\/\/contentfilms.productions\/#website\",\"url\":\"https:\/\/contentfilms.productions\/\",\"name\":\"Content Films\",\"description\":\"We create stories that make a mark\",\"potentialAction\":[{\"@type\":\"SearchAction\",\"target\":{\"@type\":\"EntryPoint\",\"urlTemplate\":\"https:\/\/contentfilms.productions\/?s={search_term_string}\"},\"query-input\":{\"@type\":\"PropertyValueSpecification\",\"valueRequired\":true,\"valueName\":\"search_term_string\"}}],\"inLanguage\":\"es\"}]}<\/script>\n<!-- \/ Yoast SEO plugin. -->","yoast_head_json":{"title":"Protecci\u00f3n de datos - Content Films","robots":{"index":"index","follow":"follow","max-snippet":"max-snippet:-1","max-image-preview":"max-image-preview:large","max-video-preview":"max-video-preview:-1"},"canonical":"https:\/\/contentfilms.productions\/es\/proteccion-datos\/","og_locale":"es_ES","og_type":"article","og_title":"Protecci\u00f3n de datos - Content Films","og_url":"https:\/\/contentfilms.productions\/es\/proteccion-datos\/","og_site_name":"Content Films","article_modified_time":"2022-05-17T11:47:37+00:00","twitter_card":"summary_large_image","twitter_misc":{"Tiempo de lectura":"4 minutos"},"schema":{"@context":"https:\/\/schema.org","@graph":[{"@type":"WebPage","@id":"https:\/\/contentfilms.productions\/es\/proteccion-datos\/","url":"https:\/\/contentfilms.productions\/es\/proteccion-datos\/","name":"Protecci\u00f3n de datos - Content Films","isPartOf":{"@id":"https:\/\/contentfilms.productions\/#website"},"datePublished":"2022-03-23T11:31:53+00:00","dateModified":"2022-05-17T11:47:37+00:00","breadcrumb":{"@id":"https:\/\/contentfilms.productions\/es\/proteccion-datos\/#breadcrumb"},"inLanguage":"es","potentialAction":[{"@type":"ReadAction","target":["https:\/\/contentfilms.productions\/es\/proteccion-datos\/"]}]},{"@type":"BreadcrumbList","@id":"https:\/\/contentfilms.productions\/es\/proteccion-datos\/#breadcrumb","itemListElement":[{"@type":"ListItem","position":1,"name":"Home","item":"https:\/\/contentfilms.productions\/es\/content-films-productions\/"},{"@type":"ListItem","position":2,"name":"Protecci\u00f3n de datos"}]},{"@type":"WebSite","@id":"https:\/\/contentfilms.productions\/#website","url":"https:\/\/contentfilms.productions\/","name":"Content Films","description":"We create stories that make a mark","potentialAction":[{"@type":"SearchAction","target":{"@type":"EntryPoint","urlTemplate":"https:\/\/contentfilms.productions\/?s={search_term_string}"},"query-input":{"@type":"PropertyValueSpecification","valueRequired":true,"valueName":"search_term_string"}}],"inLanguage":"es"}]}},"_links":{"self":[{"href":"https:\/\/contentfilms.productions\/es\/wp-json\/wp\/v2\/pages\/2238","targetHints":{"allow":["GET"]}}],"collection":[{"href":"https:\/\/contentfilms.productions\/es\/wp-json\/wp\/v2\/pages"}],"about":[{"href":"https:\/\/contentfilms.productions\/es\/wp-json\/wp\/v2\/types\/page"}],"author":[{"embeddable":true,"href":"https:\/\/contentfilms.productions\/es\/wp-json\/wp\/v2\/users\/1"}],"replies":[{"embeddable":true,"href":"https:\/\/contentfilms.productions\/es\/wp-json\/wp\/v2\/comments?post=2238"}],"version-history":[{"count":3,"href":"https:\/\/contentfilms.productions\/es\/wp-json\/wp\/v2\/pages\/2238\/revisions"}],"predecessor-version":[{"id":2322,"href":"https:\/\/contentfilms.productions\/es\/wp-json\/wp\/v2\/pages\/2238\/revisions\/2322"}],"wp:attachment":[{"href":"https:\/\/contentfilms.productions\/es\/wp-json\/wp\/v2\/media?parent=2238"}],"curies":[{"name":"wp","href":"https:\/\/api.w.org\/{rel}","templated":true}]}}