{"id":2239,"date":"2022-01-13T09:00:06","date_gmt":"2022-01-13T09:00:06","guid":{"rendered":"https:\/\/contentfilms.productions\/legal\/"},"modified":"2022-05-16T09:27:32","modified_gmt":"2022-05-16T09:27:32","slug":"legal","status":"publish","type":"page","link":"https:\/\/contentfilms.productions\/es\/legal\/","title":{"rendered":"Aviso Legal"},"content":{"rendered":"<div  class='flex_column av-1jtld-cf84cd9d98b9b83ff29f05e0892d7d4f av_four_fifth  avia-builder-el-0  el_before_av_one_fifth  avia-builder-el-first  first flex_column_div  '     ><section  class='av_textblock_section av-l13hb2dy-a6ceda2a8f6b7d9f2063f31fa44e65c2 '   itemscope=\"itemscope\" itemtype=\"https:\/\/schema.org\/CreativeWork\" ><div class='avia_textblock'  itemprop=\"text\" ><h2 style=\"margin-bottom: 30px;\">Aviso legal<\/h2>\n<p align=\"JUSTIFY\">Este aviso legal regula el uso permitido de la p\u00e1gina <a href=\"http:\/\/www.contentfilms.productions\">www.contentfilms.productions<\/a> seg\u00fan lo dispuesto a continuaci\u00f3n:<\/p>\n<ul>\n<li><strong>1. Cumplimiento LSSI: Art\u00edculo 10 Ley 34\/2002, de 11 de julio, de servicios a la sociedad de la informaci\u00f3n y comercio electr\u00f3nico.<\/strong><\/li>\n<\/ul>\n<p align=\"JUSTIFY\"><em>Titular de la web: <strong>CONTENT FILMS, S.L.<\/strong> (en adelante, \u00abEl Prestador del Servicio\u00bb)<\/em><br \/>\n<em>Direcci\u00f3n: C\/ Consell de Cent, 373- 2\u00ba 2\u00ba<\/em><br \/>\n<em>CP: 08009 Ciudad: Barcelona. Espa\u00f1a.<\/em><br \/>\n<em>NIF: B-67219196<\/em><br \/>\n<em>Inscrita en el registro mercantil de Barcelona, \u200b\u200ben el Tomo 46434, Libro 64, Folio 51986.<\/em><\/p>\n<ul>\n<li><strong>2. Propiedad intelectual y responsabilidad sobre los contenidos.<\/strong><\/li>\n<\/ul>\n<ol>\n<li>Los derechos de propiedad intelectual de la presente p\u00e1gina web (<a href=\"http:\/\/www.contentfilms.productions\">www.contentfilms.productions<\/a>), su c\u00f3digo fuente, dise\u00f1o, fotograf\u00edas, textos, estructura de navegaci\u00f3n, bases de datos y diferentes elementos que se contienen, son titularidad del Prestador del Servicio, a quien corresponde el ejercicio exclusivo de los derechos de explotaci\u00f3n en cualquier forma y, en especial, los derechos de reproducci\u00f3n, distribuci\u00f3n, comunicaci\u00f3n p\u00fablica y transformaci\u00f3n.<\/li>\n<li>Queda prohibido cualquier uso de todos los contenidos de la p\u00e1gina web, concretamente sobre los textos, dise\u00f1o, obras, marcas, logotipos, c\u00f3digo fuente y cualquier otro susceptible de protecci\u00f3n, sin la autorizaci\u00f3n expresa de sus titulares. Cualquier uso no permitido ser\u00e1 debidamente perseguido por los leg\u00edtimos propietarios. Igualmente, todos los nombres comerciales, marcas o signos distintivos de cualquier clase contenidos en la p\u00e1gina web est\u00e1n protegidos por la ley.<\/li>\n<li>El titular de la p\u00e1gina web no se hace responsable de los contenidos a los que se dirigen los enlaces ubicados en \u00e9sta, seg\u00fan lo establecido en el art\u00edculo 17 de la LSSICE.<\/li>\n<li>Los usuarios no podr\u00e1n emplear los contenidos de la web, pudiendo cogerlos, reproducirlos y distribuirlos, ni utilizarlos con fines comerciales ni manipularlos y hacer obras derivadas, sin haber obtenido antes el consentimiento o autorizaci\u00f3n del Prestador del Servicio.<\/li>\n<\/ol>\n<p align=\"JUSTIFY\">Adem\u00e1s, cualquier otra forma de explotaci\u00f3n, distinta de la mencionada en el p\u00e1rrafo anterior, por cualquier procedimiento, de todo o parte de los contenidos de esta p\u00e1gina web constituir\u00e1 una infracci\u00f3n de los derechos de propiedad intelectual y\/o industrial de la Compa\u00f1\u00eda o del titular de los mismos, pudiendo dar lugar al ejercicio por parte del Prestador del Servicio de todas las acciones judiciales o extrajudiciales que les pudieran corresponder en ejercicio de sus derechos.<\/p>\n<p align=\"JUSTIFY\">Asimismo, la informaci\u00f3n a la que el Usuario puede acceder a trav\u00e9s de la web, puede estar protegida por derechos de propiedad industrial, intelectual o de cualquier otra \u00edndole. En consecuencia, el Prestador del Servicio no ser\u00e1 responsable en ning\u00fan caso y bajo ning\u00fan concepto de las infracciones que pueda cometer el Usuario en relaci\u00f3n con estos derechos.<\/p>\n<ul>\n<li><strong>3. Condiciones de uso.<\/strong><\/li>\n<\/ul>\n<p align=\"JUSTIFY\">Respecto a la web, el usuario puede visualizar, imprimir y descargarse parcialmente el contenido de la web, \u00fanicamente si concurren las siguientes situaciones:<\/p>\n<ul>\n<li>Que sea compatible con la finalidad del sitio web.<\/li>\n<li>Que se realice con el exclusivo \u00e1nimo de obtener la informaci\u00f3n contenida para uso personal y privado. Se proh\u00edbe as\u00ed, expresamente, la utilizaci\u00f3n con fines comerciales.<\/li>\n<li>Que ning\u00fan gr\u00e1fico, icono o imagen disponible en la web sea utilizado, copiado o distribuido separadamente del texto o resto de im\u00e1genes que lo acompa\u00f1an.<\/li>\n<\/ul>\n<p align=\"JUSTIFY\">El Usuario se compromete a utilizar la p\u00e1gina web, los contenidos y servicios de conformidad con la Ley, el presente Aviso Legal, las buenas costumbres y el orden p\u00fablico. Del mismo modo, el Usuario se obliga a no utilizar la p\u00e1gina web, sus contenidos o servicios que se presten a trav\u00e9s de \u00e9sta con fines o efectos il\u00edcitos, siendo contrarios a esta pol\u00edtica legal, o lesivos de intereses o derechos de terceros, o que de cualquier otra forma, pueda da\u00f1ar, inutilizar, hacer inaccesibles o deteriorar la p\u00e1gina web, sus contenidos o sus servicios o impedir un normal uso de la misma por parte de otros usuarios.<\/p>\n<p align=\"JUSTIFY\">Asimismo, el Usuario se compromete expresamente a no destruir, alterar, inutilizar o, de cualquier otra forma, da\u00f1ar los datos, programas o documentos electr\u00f3nicos que se encuentren en la Web.<\/p>\n<p align=\"JUSTIFY\">Todo de acuerdo con lo indicado en el punto 2.4 anterior.<\/p>\n<ul>\n<li><strong>4. Modificaciones en la web y condiciones de uso<\/strong><\/li>\n<\/ul>\n<p align=\"JUSTIFY\">El Prestador del Servicio se reserva el derecho de modificar y actualizar la informaci\u00f3n contenida en la web, as\u00ed como su configuraci\u00f3n, presentaci\u00f3n y condiciones de acceso. Asimismo, el Prestador del Servicio se reserva el derecho de actualizar el presente aviso legal sin previo aviso a los usuarios, cuando as\u00ed la normativa o la actualidad lo requiera.<\/p>\n<ul>\n<li><strong>5. Limitaci\u00f3n de responsabilidad<\/strong><\/li>\n<\/ul>\n<p align=\"JUSTIFY\">El Prestador del Servicio no garantiza la inexistencia de errores o interrupciones en el acceso a la web o a su contenido ni que \u00e9ste se encuentre actualizado. Si bien, el Prestador del Servicio emprender\u00e1 todas las acciones que est\u00e9n a su disposici\u00f3n para la soluci\u00f3n de cualquier error, desconexi\u00f3n o falta de actualizaci\u00f3n que pueda producirse en la web.<\/p>\n<p align=\"JUSTIFY\">Tanto el acceso a la web como el uso no consentido que pueda efectuarse de la informaci\u00f3n contenida, es de exclusiva responsabilidad de quien lo realiza. As\u00ed, el Prestador del Servicio no se responsabiliza de cualquier consecuencia, da\u00f1o o perjuicio que pudiera derivarse de dicho acceso o uso por parte de terceros.<\/p>\n<p align=\"JUSTIFY\">El Prestador del Servicio tampoco se responsabiliza de los errores de seguridad o da\u00f1os que puedan producirse como consecuencia de:<\/p>\n<ul>\n<li>La presencia de un virus en el ordenador de los usuarios que sea utilizado para la conexi\u00f3n con los servicios y contenidos de la web.<\/li>\n<li>Un mal funcionamiento del navegador.<\/li>\n<li>Uso de versiones no actualizadas del navegador.<\/li>\n<\/ul>\n<p align=\"JUSTIFY\">El Prestador del Servicio no garantiza la ausencia de virus u otros elementos en los contenidos que puedan producir alteraciones en el sistema inform\u00e1tico (hardware y software), en los documentos o ficheros de los usuarios.<\/p>\n<ul>\n<li><strong>6. Legislaci\u00f3n aplicable y jurisdicci\u00f3n competente.<\/strong><\/li>\n<\/ul>\n<p align=\"JUSTIFY\">La presente pol\u00edtica legal queda sujeta a lo establecido en las leyes espa\u00f1olas. Para cualquier conflicto derivado de la interpretaci\u00f3n de las mismas, las partes se someten a la jurisdicci\u00f3n de los Tribunales de la ciudad de Barcelona (Espa\u00f1a), \u200b\u200bsiempre que ello no sea contrario a lo dispuesto en el art\u00edculo 29 de la LSSI.<\/p>\n<\/div><\/section><\/div><div  class='flex_column av-112qx-87761852fddc458e5a60ba9a46a6468f av_one_fifth  avia-builder-el-2  el_after_av_four_fifth  avia-builder-el-last  flex_column_div  '     ><\/div><\/p>\n","protected":false},"excerpt":{"rendered":"","protected":false},"author":1,"featured_media":0,"parent":0,"menu_order":0,"comment_status":"closed","ping_status":"closed","template":"","meta":{"_acf_changed":false,"footnotes":""},"class_list":["post-2239","page","type-page","status-publish","hentry"],"acf":[],"yoast_head":"<!-- This site is optimized with the Yoast SEO plugin v27.2 - https:\/\/yoast.com\/product\/yoast-seo-wordpress\/ -->\n<title>Aviso Legal - Content Films<\/title>\n<meta name=\"robots\" content=\"index, follow, max-snippet:-1, max-image-preview:large, max-video-preview:-1\" \/>\n<link rel=\"canonical\" href=\"https:\/\/contentfilms.productions\/es\/legal\/\" \/>\n<meta property=\"og:locale\" content=\"es_ES\" \/>\n<meta property=\"og:type\" content=\"article\" \/>\n<meta property=\"og:title\" content=\"Aviso Legal - Content Films\" \/>\n<meta property=\"og:url\" content=\"https:\/\/contentfilms.productions\/es\/legal\/\" \/>\n<meta property=\"og:site_name\" content=\"Content Films\" \/>\n<meta property=\"article:modified_time\" content=\"2022-05-16T09:27:32+00:00\" \/>\n<meta name=\"twitter:card\" content=\"summary_large_image\" \/>\n<meta name=\"twitter:label1\" content=\"Tiempo de lectura\" \/>\n\t<meta name=\"twitter:data1\" content=\"8 minutos\" \/>\n<script type=\"application\/ld+json\" class=\"yoast-schema-graph\">{\"@context\":\"https:\/\/schema.org\",\"@graph\":[{\"@type\":\"WebPage\",\"@id\":\"https:\/\/contentfilms.productions\/es\/legal\/\",\"url\":\"https:\/\/contentfilms.productions\/es\/legal\/\",\"name\":\"Aviso Legal - Content Films\",\"isPartOf\":{\"@id\":\"https:\/\/contentfilms.productions\/#website\"},\"datePublished\":\"2022-01-13T09:00:06+00:00\",\"dateModified\":\"2022-05-16T09:27:32+00:00\",\"breadcrumb\":{\"@id\":\"https:\/\/contentfilms.productions\/es\/legal\/#breadcrumb\"},\"inLanguage\":\"es\",\"potentialAction\":[{\"@type\":\"ReadAction\",\"target\":[\"https:\/\/contentfilms.productions\/es\/legal\/\"]}]},{\"@type\":\"BreadcrumbList\",\"@id\":\"https:\/\/contentfilms.productions\/es\/legal\/#breadcrumb\",\"itemListElement\":[{\"@type\":\"ListItem\",\"position\":1,\"name\":\"Home\",\"item\":\"https:\/\/contentfilms.productions\/es\/content-films-productions\/\"},{\"@type\":\"ListItem\",\"position\":2,\"name\":\"Aviso Legal\"}]},{\"@type\":\"WebSite\",\"@id\":\"https:\/\/contentfilms.productions\/#website\",\"url\":\"https:\/\/contentfilms.productions\/\",\"name\":\"Content Films\",\"description\":\"We create stories that make a mark\",\"potentialAction\":[{\"@type\":\"SearchAction\",\"target\":{\"@type\":\"EntryPoint\",\"urlTemplate\":\"https:\/\/contentfilms.productions\/?s={search_term_string}\"},\"query-input\":{\"@type\":\"PropertyValueSpecification\",\"valueRequired\":true,\"valueName\":\"search_term_string\"}}],\"inLanguage\":\"es\"}]}<\/script>\n<!-- \/ Yoast SEO plugin. -->","yoast_head_json":{"title":"Aviso Legal - Content Films","robots":{"index":"index","follow":"follow","max-snippet":"max-snippet:-1","max-image-preview":"max-image-preview:large","max-video-preview":"max-video-preview:-1"},"canonical":"https:\/\/contentfilms.productions\/es\/legal\/","og_locale":"es_ES","og_type":"article","og_title":"Aviso Legal - Content Films","og_url":"https:\/\/contentfilms.productions\/es\/legal\/","og_site_name":"Content Films","article_modified_time":"2022-05-16T09:27:32+00:00","twitter_card":"summary_large_image","twitter_misc":{"Tiempo de lectura":"8 minutos"},"schema":{"@context":"https:\/\/schema.org","@graph":[{"@type":"WebPage","@id":"https:\/\/contentfilms.productions\/es\/legal\/","url":"https:\/\/contentfilms.productions\/es\/legal\/","name":"Aviso Legal - Content Films","isPartOf":{"@id":"https:\/\/contentfilms.productions\/#website"},"datePublished":"2022-01-13T09:00:06+00:00","dateModified":"2022-05-16T09:27:32+00:00","breadcrumb":{"@id":"https:\/\/contentfilms.productions\/es\/legal\/#breadcrumb"},"inLanguage":"es","potentialAction":[{"@type":"ReadAction","target":["https:\/\/contentfilms.productions\/es\/legal\/"]}]},{"@type":"BreadcrumbList","@id":"https:\/\/contentfilms.productions\/es\/legal\/#breadcrumb","itemListElement":[{"@type":"ListItem","position":1,"name":"Home","item":"https:\/\/contentfilms.productions\/es\/content-films-productions\/"},{"@type":"ListItem","position":2,"name":"Aviso Legal"}]},{"@type":"WebSite","@id":"https:\/\/contentfilms.productions\/#website","url":"https:\/\/contentfilms.productions\/","name":"Content Films","description":"We create stories that make a mark","potentialAction":[{"@type":"SearchAction","target":{"@type":"EntryPoint","urlTemplate":"https:\/\/contentfilms.productions\/?s={search_term_string}"},"query-input":{"@type":"PropertyValueSpecification","valueRequired":true,"valueName":"search_term_string"}}],"inLanguage":"es"}]}},"_links":{"self":[{"href":"https:\/\/contentfilms.productions\/es\/wp-json\/wp\/v2\/pages\/2239","targetHints":{"allow":["GET"]}}],"collection":[{"href":"https:\/\/contentfilms.productions\/es\/wp-json\/wp\/v2\/pages"}],"about":[{"href":"https:\/\/contentfilms.productions\/es\/wp-json\/wp\/v2\/types\/page"}],"author":[{"embeddable":true,"href":"https:\/\/contentfilms.productions\/es\/wp-json\/wp\/v2\/users\/1"}],"replies":[{"embeddable":true,"href":"https:\/\/contentfilms.productions\/es\/wp-json\/wp\/v2\/comments?post=2239"}],"version-history":[{"count":4,"href":"https:\/\/contentfilms.productions\/es\/wp-json\/wp\/v2\/pages\/2239\/revisions"}],"predecessor-version":[{"id":2303,"href":"https:\/\/contentfilms.productions\/es\/wp-json\/wp\/v2\/pages\/2239\/revisions\/2303"}],"wp:attachment":[{"href":"https:\/\/contentfilms.productions\/es\/wp-json\/wp\/v2\/media?parent=2239"}],"curies":[{"name":"wp","href":"https:\/\/api.w.org\/{rel}","templated":true}]}}